{"id":48,"date":"2022-08-25T15:22:21","date_gmt":"2022-08-25T13:22:21","guid":{"rendered":"http:\/\/badmintonlangon.fr\/?page_id=48"},"modified":"2026-03-25T13:30:41","modified_gmt":"2026-03-25T12:30:41","slug":"adherer-au-club","status":"publish","type":"page","link":"https:\/\/badmintonlangon.fr\/index.php\/adherer-au-club\/","title":{"rendered":"Adh\u00e9sion 25-2026"},"content":{"rendered":"\n<p><strong>Jeunes  : 75 euros<\/strong> (8ans minimum dans l&rsquo;ann\u00e9e 2025)<br><strong>\u00c9tudiants : 75 euros<\/strong><br><strong>Adultes : 100 euros  <\/strong><\/p>\n\n\n\n<p><strong>Option entra\u00eenement adultes du jeudi soir et comp\u00e9titeurs du mercredi soir : 25 euros<\/strong> <strong>suppl\u00e9mentaires<\/strong><\/p>\n\n\n\n<p>Les inscriptions doivent \u00eatre effectu\u00e9es avant le 15 octobre (prendre contact avec le bureau pass\u00e9 ce d\u00e9lai). Pour les nouveaux adh\u00e9rents, les 3 premi\u00e8res s\u00e9ances de pratique sont gratuites mais doivent \u00eatre effectu\u00e9es dans le mois suivant la premi\u00e8re (sauf cas de force majeur).<\/p>\n\n\n\n<p>Pour s\u2019inscrire, deux cas possibles :<\/p>\n\n\n\n<p><strong>1)&nbsp;&nbsp;&nbsp;&nbsp;&nbsp; Renouvellement de la licence<\/strong> de la saison derni\u00e8re (ou mutation)&nbsp;:<\/p>\n\n\n\n<p>Allez sur ce lien :<\/p>\n\n\n\n<div class=\"wp-block-buttons is-layout-flex wp-block-buttons-is-layout-flex\">\n<div class=\"wp-block-button\"><a class=\"wp-block-button__link wp-element-button\" href=\"https:\/\/myffbad.fr\/connexion\" target=\"_blank\" rel=\"noreferrer noopener\">Renouvellement de Licence<\/a><\/div>\n<\/div>\n\n\n\n<p>&#8211;&nbsp;&nbsp;&nbsp;&nbsp;&nbsp;&nbsp;&nbsp;&nbsp;&nbsp; si vous ne l&rsquo;avez pas d\u00e9j\u00e0 fait, vous cr\u00e9ez votre compte avec votre n\u00b0 de licence et vous demandez un mot de passe,<br>&#8211;&nbsp;&nbsp;&nbsp;&nbsp;&nbsp;&nbsp;&nbsp;&nbsp;&nbsp; vous vous connectez avec ce mot de passe,<br>&#8211;&nbsp;&nbsp;&nbsp;&nbsp;&nbsp;&nbsp;&nbsp;&nbsp;&nbsp; vous r\u00e9alisez votre inscription en cliquant sur \u2018\u2019Renouveler ma licence\u2019\u2019 dans la liste de choix d\u00e9roulante sous la petite fl\u00e8che rouge \u00e0 droite de votre nom, en haut \u00e0 droite de l\u2019\u00e9cran.<\/p>\n\n\n\n<p><strong>Le certificat m\u00e9dical<\/strong> <strong>n&rsquo;est pas obligatoire<\/strong> sauf si vous r\u00e9pondez positivement \u00e0 au moins l&rsquo;une des questions suivantes :<\/p>\n\n\n\n<div class=\"wp-block-buttons is-layout-flex wp-block-buttons-is-layout-flex\">\n<div class=\"wp-block-button\"><a class=\"wp-block-button__link wp-element-button\" href=\"http:\/\/www.ffbad.org\/module\/00003\/22\/data\/Files\/Questionnaire%20+%20attestation.pdf\" target=\"_blank\" rel=\"noreferrer noopener\">Questionnaire de sant\u00e9 en ligne<\/a><\/div>\n<\/div>\n\n\n\n<p>Si l&rsquo;une de vos r\u00e9ponses \u00e0 ce questionnaire de sant\u00e9 est positive, il est alors recommand\u00e9 de consulter un m\u00e9decin. Vous pouvez alors vous pr\u00e9senter avec cet exemple de certificat m\u00e9dical :<\/p>\n\n\n\n<div class=\"wp-block-buttons is-layout-flex wp-block-buttons-is-layout-flex\">\n<div class=\"wp-block-button\"><a class=\"wp-block-button__link wp-element-button\" href=\"https:\/\/gdb.ffbad.org\/2020-2021\/Src\/GDB-02\/GUI02.01F01_ADM_CertificatDeNonContre-Indication.pdf\" target=\"_blank\" rel=\"noreferrer noopener\">Exemple certificat m\u00e9dical<\/a><\/div>\n<\/div>\n\n\n\n<p><strong>2)&nbsp;&nbsp;&nbsp;&nbsp;&nbsp; Nouvelle demande de prise de licence&nbsp;:<\/strong><\/p>\n\n\n\n<div class=\"wp-block-buttons is-layout-flex wp-block-buttons-is-layout-flex\">\n<div class=\"wp-block-button\"><a class=\"wp-block-button__link wp-element-button\" href=\"https:\/\/adherer.ffbad.club\/LPLB33\" target=\"_blank\" rel=\"noreferrer noopener\">Nouvelle demande de prise de licence<\/a><\/div>\n<\/div>\n\n\n\n<p><strong>Le certificat m\u00e9dical<\/strong> <strong>n&rsquo;est pas obligatoire<\/strong> sauf si vous r\u00e9pondez positivement \u00e0 au moins l&rsquo;une des questions suivantes :<\/p>\n\n\n\n<div class=\"wp-block-buttons is-layout-flex wp-block-buttons-is-layout-flex\">\n<div class=\"wp-block-button\"><a class=\"wp-block-button__link wp-element-button\" href=\"http:\/\/www.ffbad.org\/module\/00003\/22\/data\/Files\/Questionnaire%20+%20attestation.pdf\" target=\"_blank\" rel=\"noreferrer noopener\">Questionnaire de sant\u00e9 en ligne<\/a><\/div>\n<\/div>\n\n\n\n<p>Si l&rsquo;une de vos r\u00e9ponses \u00e0 ce questionnaire de sant\u00e9 est positive, il est alors recommand\u00e9 de consulter un m\u00e9decin. Vous pouvez alors vous pr\u00e9senter avec cet exemple de certificat m\u00e9dical :<\/p>\n\n\n\n<div class=\"wp-block-buttons is-layout-flex wp-block-buttons-is-layout-flex\">\n<div class=\"wp-block-button\"><a class=\"wp-block-button__link wp-element-button\" href=\"https:\/\/gdb.ffbad.org\/2020-2021\/Src\/GDB-02\/GUI02.01F01_ADM_CertificatDeNonContre-Indication.pdf\" target=\"_blank\" rel=\"noreferrer noopener\">Exemple certificat m\u00e9dical<\/a><\/div>\n<\/div>\n\n\n\n<p><strong>3) Dans les 2 cas<\/strong> (nouvelle demande ou renouvellement de licence), vous proc\u00e9dez \u00e0 votre r\u00e8glement en ligne et nous validerons votre inscription d\u00e8s r\u00e9ception.<\/p>\n\n\n\n<p><strong>4) Double licence :<\/strong> Dans le cas o\u00f9 vous auriez d\u00e9j\u00e0 une licence de badminton aupr\u00e8s d&rsquo;un autre club et que vous souhaitez prendre donc une 2\u00e8me licence chez nous, il ne vous reste qu&rsquo;\u00e0 regler la part club sur ce lien :<\/p>\n\n\n\n<div class=\"wp-block-buttons is-layout-flex wp-block-buttons-is-layout-flex\">\n<div class=\"wp-block-button\"><a class=\"wp-block-button__link wp-element-button\" href=\"https:\/\/www.helloasso.com\/associations\/les-plumes-langonnaises-badminton\/adhesions\/double-licence\">Double licence<\/a><\/div>\n<\/div>\n\n\n\n<p>Pour une licence prise \u00e0 partir du mois de mars, rendez-vous sur ce lien pour r\u00e9gler votre demi-licence :<\/p>\n\n\n\n<div class=\"wp-block-buttons is-layout-flex wp-block-buttons-is-layout-flex\">\n<div class=\"wp-block-button\"><a class=\"wp-block-button__link wp-element-button\" href=\"https:\/\/www.helloasso.com\/associations\/les-plumes-langonnaises-badminton\/adhesions\/adhesion-club-2025-2026\">Demi-Licence<\/a><\/div>\n<\/div>\n","protected":false},"excerpt":{"rendered":"<p>Jeunes : 75 euros (8ans minimum dans l&rsquo;ann\u00e9e 2025)\u00c9tudiants : 75 eurosAdultes : 100 euros Option entra\u00eenement adultes du jeudi soir et comp\u00e9titeurs du mercredi soir : 25 euros suppl\u00e9mentaires Les inscriptions doivent \u00eatre effectu\u00e9es avant le 15 octobre (prendre contact avec le bureau pass\u00e9 ce d\u00e9lai). Pour les nouveaux adh\u00e9rents, les 3 premi\u00e8res s\u00e9ances &hellip; <\/p>\n<p class=\"link-more\"><a href=\"https:\/\/badmintonlangon.fr\/index.php\/adherer-au-club\/\" class=\"more-link\">Continuer la lecture<span class=\"screen-reader-text\"> de &laquo;&nbsp;Adh\u00e9sion 25-2026&nbsp;&raquo;<\/span><\/a><\/p>\n","protected":false},"author":1,"featured_media":0,"parent":0,"menu_order":0,"comment_status":"closed","ping_status":"closed","template":"","meta":{"footnotes":""},"class_list":["post-48","page","type-page","status-publish","hentry"],"_links":{"self":[{"href":"https:\/\/badmintonlangon.fr\/index.php\/wp-json\/wp\/v2\/pages\/48","targetHints":{"allow":["GET"]}}],"collection":[{"href":"https:\/\/badmintonlangon.fr\/index.php\/wp-json\/wp\/v2\/pages"}],"about":[{"href":"https:\/\/badmintonlangon.fr\/index.php\/wp-json\/wp\/v2\/types\/page"}],"author":[{"embeddable":true,"href":"https:\/\/badmintonlangon.fr\/index.php\/wp-json\/wp\/v2\/users\/1"}],"replies":[{"embeddable":true,"href":"https:\/\/badmintonlangon.fr\/index.php\/wp-json\/wp\/v2\/comments?post=48"}],"version-history":[{"count":38,"href":"https:\/\/badmintonlangon.fr\/index.php\/wp-json\/wp\/v2\/pages\/48\/revisions"}],"predecessor-version":[{"id":525,"href":"https:\/\/badmintonlangon.fr\/index.php\/wp-json\/wp\/v2\/pages\/48\/revisions\/525"}],"wp:attachment":[{"href":"https:\/\/badmintonlangon.fr\/index.php\/wp-json\/wp\/v2\/media?parent=48"}],"curies":[{"name":"wp","href":"https:\/\/api.w.org\/{rel}","templated":true}]}}